{"id":26,"date":"2023-09-30T19:27:36","date_gmt":"2023-09-30T19:27:36","guid":{"rendered":"http:\/\/spixelz.com\/?page_id=26"},"modified":"2025-10-16T21:10:53","modified_gmt":"2025-10-16T21:10:53","slug":"spixelz","status":"publish","type":"page","link":"https:\/\/spixelz.com\/","title":{"rendered":"Spixelz"},"content":{"rendered":"\n<p><br>Pixels de S\u00e3o Paulo: essa \u00e9 a id\u00e9ia por tr\u00e1s do nome Spixelz.<\/p>\n\n\n\n<p>Bateria eletr\u00f4nica, linhas de baixo marcantes, guitarras viajantes, vocais graves e sintetizadores chegando em alguns momentos: esse \u00e9 o som da banda Spixelz, que mistura elementos do rock eletr\u00f4nico, punk-rock e new wave.<\/p>\n\n\n\n<p>Apesar dos refr\u00f5es f\u00e1ceis de cantar, o duo formado por Marcio Geromel <em>( guitarra e voz )<\/em> e Gilberto de Souza <em>( bateria e voz )<\/em> tamb\u00e9m n\u00e3o deixa de lado a velha pegada do rock alternativo, com m\u00fasicas cantadas em Ingl\u00eas.<\/p>\n\n\n\n<p>A&nbsp;vibe&nbsp;<em>electronic-rock<\/em>&nbsp;&nbsp;com um toque New Wave&nbsp;durante os noventa minutos de show,&nbsp;faz com que o duo consiga entreter p\u00fablicos com faixas et\u00e1rias e gostos variados, trazendo um set list que mistura de forma equilibrada,  sons autorais com boa pegada e tamb\u00e9m grandes cl\u00e1ssicos do pop rock eletr\u00f4nico: <em>Muse, Foster the People, New Order, Depeche Mode, Information Society,  Calvin Harris entre outros<\/em>.<\/p>\n\n\n\n<p>O duo vem disponibilizando gradativamente suas tracks nas plataformas digitais, al\u00e9m de trabalhar na divulga\u00e7\u00e3o de seu novo clipe: &#8220;Kindred Spirits&#8221;<\/p>\n\n\n\n\n\n\n\n<p><\/p>\n","protected":false},"excerpt":{"rendered":"<p>Pixels de S\u00e3o Paulo: essa \u00e9 a id\u00e9ia por tr\u00e1s do nome Spixelz. Bateria eletr\u00f4nica, linhas de baixo marcantes, guitarras viajantes, vocais graves e sintetizadores chegando em alguns momentos: esse<a href=\"https:\/\/spixelz.com\/\" class=\"more-link\"><span class=\"readmore\">Continue reading<span class=\"screen-reader-text\">Spixelz<\/span><\/span><\/a><\/p>\n","protected":false},"author":1,"featured_media":0,"parent":0,"menu_order":0,"comment_status":"closed","ping_status":"closed","template":"","meta":{"footnotes":""},"_links":{"self":[{"href":"https:\/\/spixelz.com\/index.php?rest_route=\/wp\/v2\/pages\/26"}],"collection":[{"href":"https:\/\/spixelz.com\/index.php?rest_route=\/wp\/v2\/pages"}],"about":[{"href":"https:\/\/spixelz.com\/index.php?rest_route=\/wp\/v2\/types\/page"}],"author":[{"embeddable":true,"href":"https:\/\/spixelz.com\/index.php?rest_route=\/wp\/v2\/users\/1"}],"replies":[{"embeddable":true,"href":"https:\/\/spixelz.com\/index.php?rest_route=%2Fwp%2Fv2%2Fcomments&post=26"}],"version-history":[{"count":57,"href":"https:\/\/spixelz.com\/index.php?rest_route=\/wp\/v2\/pages\/26\/revisions"}],"predecessor-version":[{"id":431,"href":"https:\/\/spixelz.com\/index.php?rest_route=\/wp\/v2\/pages\/26\/revisions\/431"}],"wp:attachment":[{"href":"https:\/\/spixelz.com\/index.php?rest_route=%2Fwp%2Fv2%2Fmedia&parent=26"}],"curies":[{"name":"wp","href":"https:\/\/api.w.org\/{rel}","templated":true}]}}